{"id":14,"date":"2026-04-09T09:29:09","date_gmt":"2026-04-09T09:29:09","guid":{"rendered":"https:\/\/weingut.derlarsschneider.de\/?page_id=14"},"modified":"2026-04-09T09:29:09","modified_gmt":"2026-04-09T09:29:09","slug":"riesling-qr","status":"publish","type":"page","link":"https:\/\/weingut.derlarsschneider.de\/?page_id=14","title":{"rendered":"Riesling Trocken \u2013 QR"},"content":{"rendered":"<h1 class=\"wp-block-heading\">Riesling Trocken 2023<\/h1><p>Sie haben den QR-Code auf unserer Riesling-Flasche gescannt. Erfahren Sie mehr \u00fcber diesen besonderen Wein aus dem Rheingau.<\/p><h2 class=\"wp-block-heading\">Weinbeschreibung<\/h2><p>Frischer, trockener Riesling mit Zitrusaromen, eleganter S\u00e4ure und langem Abgang. Idealer Begleiter zu Fisch, Meeresfr\u00fcchten und leichten Gerichten.<\/p><h2 class=\"wp-block-heading\">Weindetails<\/h2><ul class=\"wp-block-list\"><li>Rebsorte: Riesling<\/li><li>Jahrgang: 2023<\/li><li>Anbaugebiet: Rheingau<\/li><li>Geschmack: Trocken<\/li><li>Alkohol: 12,5 % vol<\/li><\/ul><div class=\"wp-block-buttons is-layout-flex wp-block-buttons-is-layout-flex\"><div class=\"wp-block-button\"><a class=\"wp-block-button__link wp-element-button\" href=\"\/shop\/?sku=WG-001\">Jetzt bestellen<\/a><\/div><\/div>","protected":false},"excerpt":{"rendered":"<p>Riesling Trocken 2023 Sie haben den QR-Code auf unserer Riesling-Flasche gescannt. Erfahren Sie mehr \u00fcber diesen besonderen Wein aus dem Rheingau. Weinbeschreibung Frischer, trockener Riesling mit Zitrusaromen, eleganter S\u00e4ure und langem Abgang. Idealer Begleiter zu Fisch, Meeresfr\u00fcchten und leichten Gerichten. Weindetails<\/p>\n","protected":false},"author":0,"featured_media":0,"parent":0,"menu_order":0,"comment_status":"closed","ping_status":"closed","template":"","meta":{"footnotes":""},"class_list":["post-14","page","type-page","status-publish","hentry"],"_links":{"self":[{"href":"https:\/\/weingut.derlarsschneider.de\/index.php?rest_route=\/wp\/v2\/pages\/14","targetHints":{"allow":["GET"]}}],"collection":[{"href":"https:\/\/weingut.derlarsschneider.de\/index.php?rest_route=\/wp\/v2\/pages"}],"about":[{"href":"https:\/\/weingut.derlarsschneider.de\/index.php?rest_route=\/wp\/v2\/types\/page"}],"replies":[{"embeddable":true,"href":"https:\/\/weingut.derlarsschneider.de\/index.php?rest_route=%2Fwp%2Fv2%2Fcomments&post=14"}],"version-history":[{"count":0,"href":"https:\/\/weingut.derlarsschneider.de\/index.php?rest_route=\/wp\/v2\/pages\/14\/revisions"}],"wp:attachment":[{"href":"https:\/\/weingut.derlarsschneider.de\/index.php?rest_route=%2Fwp%2Fv2%2Fmedia&parent=14"}],"curies":[{"name":"wp","href":"https:\/\/api.w.org\/{rel}","templated":true}]}}